{"id":2821,"date":"2023-01-03T16:00:47","date_gmt":"2023-01-03T15:00:47","guid":{"rendered":"https:\/\/www.csa-campus.com\/home__trashed-2\/datenschutz\/"},"modified":"2024-08-26T17:04:45","modified_gmt":"2024-08-26T15:04:45","slug":"datenschutz","status":"publish","type":"page","link":"https:\/\/www.csa-campus.com\/de\/datenschutz\/","title":{"rendered":"Datenschutz"},"content":{"rendered":"<div class=\"wpb-content-wrapper\"><p>[vc_row][vc_column][vc_column_text]\n<p><strong>1. Allgemeine Hinweise zum Datenschutz <\/strong><\/p>\n<p>Das Center Smart Assembly und seine Mitarbeiter\/innen nehmen den Schutz Ihrer personenbezogenen Daten sehr ernst. Wir behandeln Ihre personenbezogenen Daten vertraulich und halten uns an die gesetzlichen Datenschutzvorschriften sowie diese Datenschutzerkl\u00e4rung.\u00a0 Personenbezogene Daten sind alle Daten, mit denen Sie pers\u00f6nlich identifiziert werden k\u00f6nnen.<\/p>\n<p>Entsprechend der Vorschriften der EU-Datenschutzgrundverordnung (DS-GVO) informieren wir Sie nachfolgend in unserer Datenschutzerkl\u00e4rung dar\u00fcber, welche Daten wir wie erheben und wof\u00fcr wir sie nutzen.<\/p>\n<h4><strong>1.1 Verantwortliche Stelle<\/strong><\/h4>\n<p>Die Verantwortliche im Sinne der Datenschutz-Grundverordnung (DS-GVO) und der nationalen Datenschutzgesetze ist die<\/p>\n<p>Smart Assembly GmbH<br \/>\nSteinbachstra\u00dfe 25<br \/>\n52074 Aachen, Germany<\/p>\n<p>Vertreten durch:<br \/>\nDr.-Ing. Amon G\u00f6ppert<br \/>\nPhone: +49 241 80-20599<br \/>\nE-mail: amon.goeppert@wzl-aachen-iqs.de<\/p>\n<h4><strong>1.2 Betroffenenrechte<\/strong><\/h4>\n<p><strong>Auskunft, Sperrung, L\u00f6schung<\/strong><\/p>\n<p>Sie haben im Rahmen der geltenden gesetzlichen Bestimmungen jederzeit das Recht auf unentgeltliche Auskunft \u00fcber Ihre gespeicherten personenbezogenen Daten, deren Herkunft und Empf\u00e4nger und den Zweck der Datenverarbeitung und ggf. ein Recht auf Berichtigung, Sperrung oder L\u00f6schung dieser Daten.<\/p>\n<p><strong>Widerruf Ihrer Einwilligung zur Datenverarbeitung<\/strong><\/p>\n<p>Viele Datenverarbeitungsvorg\u00e4nge sind nur mit Ihrer ausdr\u00fccklichen Einwilligung m\u00f6glich. Sie k\u00f6nnen eine bereits erteilte Einwilligung jederzeit widerrufen. Die Rechtm\u00e4\u00dfigkeit der bis zum Widerruf erfolgten Datenverarbeitung bleibt vom Widerruf unber\u00fchrt.<\/p>\n<p><strong>Beschwerderecht bei der zust\u00e4ndigen Aufsichtsbeh\u00f6rde<\/strong><\/p>\n<p>Ihnen steht das Recht auf Beschwerde bei einer zust\u00e4ndigen Aufsichtsbeh\u00f6rde zu. F\u00fcr uns zust\u00e4ndige Aufsichtsbeh\u00f6rde ist: Landesbeauftragte f\u00fcr Datenschutz und Informationsfreiheit Nordrhein-Westfalen, Kavalleriestr. 2-4, 40213 D\u00fcsseldorf, Web: www.ldi.nrw.de, E-Mail: <a href=\"mailto:poststelle@ldi.nrw.de\">poststelle@ldi.nrw.de<\/a>.<\/p>\n<p><strong>Recht auf Daten\u00fcbertragbarkeit<\/strong><\/p>\n<p>Sie haben das Recht, Daten, die wir auf Grundlage Ihrer Einwilligung oder in Erf\u00fcllung eines Vertrags automatisiert verarbeiten, an sich oder an einen Dritten in einem g\u00e4ngigen, maschinenlesbaren Format aush\u00e4ndigen zu lassen. Sofern Sie die direkte \u00dcbertragung der Daten an einen anderen Verantwortlichen verlangen, erfolgt dies nur, soweit es technisch machbar ist.<\/p>\n<p>Um Ihren Rechten als Betroffene\/r nachkommen zu k\u00f6nnen, bitten wir Sie, Ihr Anliegen vorzugsweise schriftlich an uns zu richten.<\/p>\n<h3><strong>2. Datenverarbeitung im Rahmen der Website https:\/\/www.<\/strong> <strong>\/www.www.csa-campus.com<\/strong><\/h3>\n<p>Wenn Sie diese Website nutzen, werden verschiedene personenbezogene Daten erhoben.<br \/>\nWir weisen darauf hin, dass die Daten\u00fcbertragung im Internet (z.B. bei der Kommunikation per E-Mail) Sicherheitsl\u00fccken aufweisen kann. Ein l\u00fcckenloser Schutz der Daten vor dem Zugriff durch Dritte ist nicht m\u00f6glich.<br \/>\nDiese Seite nutzt aus Sicherheitsgr\u00fcnden und zum Schutz der \u00dcbertragung vertraulicher Inhalte, wie zum Beispiel Anfragen, die Sie an uns als Seitenbetreiber senden, eine SSL-bzw. TLS-Verschl\u00fcsselung. Eine verschl\u00fcsselte Verbindung erkennen Sie daran, dass die Adresszeile des Browsers von \u201chttp:\/\/\u201d auf \u201chttps:\/\/\u201d wechselt und an dem Schloss-Symbol in Ihrer Browserzeile. Wenn die SSL- bzw. TLS-Verschl\u00fcsselung aktiviert ist, k\u00f6nnen die Daten, die Sie an uns \u00fcbermitteln, nicht von Dritten mitgelesen werden.<\/p>\n<h4><strong>\u00a0<\/strong><strong>2.1 Bereitstellung der Website und Erstellung von Logfiles<\/strong><\/h4>\n<p><strong>Beschreibung und Umfang der Datenverarbeitung<\/strong><\/p>\n<p>Bei jedem Aufruf unserer Internetseite erfasst unser System automatisiert Daten und Informationen vom Computersystem des aufrufenden Rechners.<\/p>\n<p>Folgende Daten werden hierbei erhoben:<\/p>\n<ul>\n<li>Browsertyp und Browserversion<\/li>\n<li>verwendetes Betriebssystem<\/li>\n<li>Referrer URL<\/li>\n<li>Hostname des zugreifenden Rechners<\/li>\n<li>Uhrzeit der Serveranfrage<\/li>\n<li>IP-Adresse (anonymisiert)<\/li>\n<\/ul>\n<p>Die Daten werden ebenfalls in den Logfiles unseres Systems gespeichert. Nicht hiervon<\/p>\n<p>betroffen sind Ihre IP-Adresse oder andere Daten, die die Zuordnung der Daten zu Ihnen als Nutzer erm\u00f6glichen. Eine Speicherung dieser Daten zusammen mit anderen personenbezogenen Daten von Ihnen findet nicht statt. Eine Zusammenf\u00fchrung dieser Daten mit anderen Datenquellen wird nicht vorgenommen.<\/p>\n<p><strong>Rechtsgrundlage f\u00fcr die Datenverarbeitung <\/strong><\/p>\n<p>Rechtsgrundlage f\u00fcr die vor\u00fcbergehende Speicherung der Daten ist Art.\u00a06 Abs.\u00a01 lit.\u00a0f DS-GVO.<\/p>\n<p><strong>Zweck der Datenverarbeitung<\/strong><\/p>\n<p>Die vor\u00fcbergehende Speicherung der IP-Adresse durch das System ist notwendig, um eine Auslieferung der Website an Ihren Rechner zu erm\u00f6glichen. Hierf\u00fcr muss Ihre IP-Adresse f\u00fcr die Dauer der Sitzung gespeichert bleiben. In diesen Zwecken liegt auch unser berechtigtes Interesse an der Datenverarbeitung nach Art.\u00a06 Abs.\u00a01 lit.\u00a0f DS-GVO.<\/p>\n<p><strong>Dauer der Speicherung<\/strong><\/p>\n<p>Die Daten werden gel\u00f6scht, sobald sie f\u00fcr die Erreichung des Zweckes ihrer Erhebung nicht mehr erforderlich sind. Im Falle der Erfassung der Daten zur Bereitstellung der Website ist dies der Fall, wenn die jeweilige Sitzung beendet ist.<\/p>\n<p><strong>Widerspruchs- und Beseitigungsm\u00f6glichkeit<\/strong><\/p>\n<p>Die Erfassung der Daten zur Bereitstellung der Website und die Speicherung der Daten in Logfiles ist f\u00fcr den Betrieb der Internetseite zwingend erforderlich. Es besteht folglich keine Widerspruchsm\u00f6glichkeit durch Sie.<\/p>\n<h4><strong>\u00a0<\/strong><strong>2.2 Verwendung von Cookies<\/strong><\/h4>\n<p><strong>\u00a0<\/strong><strong>Beschreibung und Umfang der Datenverarbeitung<\/strong><\/p>\n<p>Unsere Website verwendet Cookies. Bei Cookies handelt es sich um Textdateien, die im Internetbrowser bzw. vom Internetbrowser auf Ihrem Computersystem gespeichert werden. Rufen Sie eine Website auf, so kann ein Cookie auf Ihrem Betriebssystem gespeichert werden. Dieses Cookie enth\u00e4lt eine charakteristische Zeichenfolge, die eine eindeutige Identifizierung des Browsers beim erneuten Aufrufen der Website erm\u00f6glicht.<\/p>\n<p>Wir setzen Cookies ein, um unsere Website nutzerfreundlicher zu gestalten. Einige Elemente unserer Internetseite erfordern es, dass der aufrufende Browser auch nach einem Seitenwechsel identifiziert werden kann. In den Cookies werden dabei folgende Daten gespeichert und \u00fcbermittelt: Cookie-Einstellungen.<\/p>\n<p>Ihre auf diese Weise erhobenen Daten werden durch technische Vorkehrungen pseudonymisiert. Daher ist eine Zuordnung der Daten zu Ihnen nicht mehr m\u00f6glich. Die Daten werden nicht gemeinsam mit sonstigen personenbezogenen Daten von Ihnen gespeichert. Beim Aufruf unserer Website werden Sie \u00fcber die Verwendung von Cookies informiert und Ihre Einwilligung zur Verarbeitung der in diesem Zusammenhang verwendeten personenbezogenen Daten eingeholt. In diesem Zusammenhang erfolgt auch ein Hinweis auf diese Datenschutzerkl\u00e4rung. Sie k\u00f6nnen die Datenerhebung durch die Einstellungen in Ihrem Browser und auf unserer Website in den Cookie-Einstellungen beeinflussen.<\/p>\n<p><strong>Rechtsgrundlage f\u00fcr die Datenverarbeitung <\/strong><\/p>\n<p>Die Rechtsgrundlage f\u00fcr die Verarbeitung personenbezogener Daten unter Verwendung technisch notweniger Cookies ist Art.\u00a06 Abs.\u00a01 lit.\u00a0f DS-GVO.<\/p>\n<p><strong>Zweck der Datenverarbeitung<\/strong><\/p>\n<p>Der Zweck der Verwendung technisch notwendiger Cookies ist, die Nutzung unserer Website f\u00fcr Sie zu vereinfachen. Einige Funktionen unserer Internetseite k\u00f6nnen ohne den Einsatz von Cookies nicht angeboten werden. F\u00fcr diese ist es erforderlich, dass der Browser auch nach einem Seitenwechsel wiedererkannt wird. Die durch technisch notwendige Cookies erhobenen Nutzerdaten werden nicht zur Erstellung von Nutzerprofilen verwendet.<\/p>\n<p><strong>Dauer der Speicherung, Widerspruchs- und Beseitigungsm\u00f6glichkeit<\/strong><\/p>\n<p>Cookies werden auf Ihrem Rechner gespeichert und von diesem an unsere Seite \u00fcbermittelt. Daher haben Sie als Nutzer auch die volle Kontrolle \u00fcber die Verwendung von Cookies. Durch eine \u00c4nderung der Einstellungen in Ihrem Internetbrowser k\u00f6nnen Sie die \u00dcbertragung von Cookies deaktivieren oder einschr\u00e4nken. Bereits gespeicherte Cookies k\u00f6nnen jederzeit gel\u00f6scht werden. Dies kann auch automatisiert erfolgen. Werden Cookies f\u00fcr unsere Website deaktiviert, k\u00f6nnen m\u00f6glicherweise nicht mehr alle Funktionen der Website vollumf\u00e4nglich genutzt werden.<\/p>\n<h4><strong>2.3 Kontaktformular und E-Mail-Kontakt<\/strong><\/h4>\n<p><strong>Beschreibung und Umfang der Datenverarbeitung<\/strong><\/p>\n<p>Auf unserer Internetseite ist ein Kontaktformular vorhanden, welches f\u00fcr die elektronische Kontaktaufnahme genutzt werden kann. Nehmen Sie diese M\u00f6glichkeit wahr, so werden die in der Eingabemaske eingegeben Daten an uns \u00fcbermittelt und gespeichert. Diese Daten sind: Ihr Name, Ihre E-Mailadresse, der von Ihnen benannte Betreff und der Inhalt Ihrer Nachricht. Im Zeitpunkt der Absendung der Nachricht werden zudem folgende Daten gespeichert: Ihre IP-Adresse, sowie Datum und Uhrzeit der Eingabe. F\u00fcr die Verarbeitung der Daten wird im Rahmen des Absendevorgangs Ihre Einwilligung eingeholt und auf diese Datenschutzerkl\u00e4rung verwiesen. Alternativ ist eine Kontaktaufnahme \u00fcber die bereitgestellte E-Mail-Adresse m\u00f6glich. In diesem Fall werden Ihre mit der E-Mail \u00fcbermittelten personenbezogenen Daten gespeichert. Es erfolgt in diesem Zusammenhang keine Weitergabe der Daten an Dritte. Die Daten werden ausschlie\u00dflich f\u00fcr die Verarbeitung der Konversation verwendet.<\/p>\n<p><strong>Rechtsgrundlage f\u00fcr die Datenverarbeitung <\/strong><\/p>\n<p>Rechtsgrundlage f\u00fcr die Verarbeitung der Daten ist bei Vorliegen einer Einwilligung des Nutzers Art.\u00a06 Abs.\u00a01 lit.\u00a0a DS-GVO. Rechtsgrundlage f\u00fcr die Verarbeitung der Daten, die im Zuge einer \u00dcbersendung einer E-Mail \u00fcbermittelt werden, ist Art.\u00a06 Abs.\u00a01 lit.\u00a0f DS-GVO. Zielt der E-Mail-Kontakt auf den Abschluss eines Vertrages ab, so ist zus\u00e4tzliche Rechtsgrundlage f\u00fcr die Verarbeitung Art.\u00a06 Abs.\u00a01 lit.\u00a0b DS-GVO.<\/p>\n<p><strong>Zweck der Datenverarbeitung<\/strong><\/p>\n<p>Die Verarbeitung der personenbezogenen Daten aus der Eingabemaske dient uns allein zur Bearbeitung der Kontaktaufnahme. Im Falle einer Kontaktaufnahme per E-Mail liegt hieran auch das erforderliche berechtigte Interesse an der Verarbeitung der Daten. Die sonstigen w\u00e4hrend des Absendevorgangs verarbeiteten personenbezogenen Daten dienen dazu, einen Missbrauch des Kontaktformulars zu verhindern und die Sicherheit unserer informationstechnischen Systeme sicherzustellen.<\/p>\n<p><strong>Dauer der Speicherung<\/strong><\/p>\n<p>Die Daten werden gel\u00f6scht, sobald sie f\u00fcr die Erreichung des Zweckes ihrer Erhebung nicht mehr erforderlich sind. F\u00fcr die personenbezogenen Daten aus der Eingabemaske des Kontaktformulars und diejenigen, die per E-Mail \u00fcbersandt wurden, ist dies dann der Fall, wenn die jeweilige Konversation mit Ihnen beendet und der Sachverhalt abschlie\u00dfend gekl\u00e4rt ist. Es sei denn, die Weiterverarbeitung der Daten ist erforderlich zu folgenden Zwecken: Erf\u00fcllung handels- und steuerrechtlicher Aufbewahrungsfristen und Erhaltung von Beweismitteln im Rahmen der gesetzlichen Verj\u00e4hrungsvorschriften, dann erfolgt die L\u00f6schung erst nach Ende der jeweiligen einzuhaltenden Fristen. Die w\u00e4hrend des Absendevorgangs zus\u00e4tzlich erhobenen personenbezogenen Daten werden sp\u00e4testens nach einer Frist von sieben Tagen gel\u00f6scht.<\/p>\n<p><strong>Widerspruchs- und Beseitigungsm\u00f6glichkeit<\/strong><\/p>\n<p>Sie haben jederzeit die M\u00f6glichkeit, Ihre Einwilligung zur Verarbeitung der personenbezogenen Daten zu widerrufen. Nehmen Sie per E-Mail-Kontakt mit uns auf, so k\u00f6nnen Sie der Speicherung Ihrer personenbezogenen Daten jederzeit widersprechen. In einem solchen Fall kann die Konversation nicht fortgef\u00fchrt werden.<\/p>\n<h4><strong>2.4 YouTube<\/strong><\/h4>\n<p><strong>\u00a0<\/strong>Unsere Website nutzt Plug-Ins der von Google betriebenen Seite YouTube. Betreiber der Seiten ist die Google Ireland Limited, Gordon House, Barrow Street, Dublin 4, Irland.<\/p>\n<p><strong>Umfang der Verarbeitung personenbezogener Daten<\/strong><\/p>\n<p>Wenn Sie eine unserer mit einem YouTube-Plug-In ausgestatteten Seiten besuchen, wird eine Verbindung zu den Servern von YouTube hergestellt. Dabei wird dem YouTube-Server mitgeteilt, welche unserer Seiten Sie besucht haben. Wir nutzen YouTube mit erweitertem Datenschutz, bei dem nach Anbieterangaben eine Speicherung von Nutzerinformationen erst erfolgt, wenn die Wiedergabe des Videos gestartet wird. Erst wenn Sie die Wiedergabe des YouTube-Videos starten, wird ein Cookie aktiviert, um Informationen zu sammeln. Nach den Angaben des Anbieters dienen die Cookies unter anderem dazu, Videostatistiken zu erfassen, die Nutzerfreundlichkeit zu verbessern und missbr\u00e4uchliche Handlungsweisen zu unterbinden. Unabh\u00e4ngig von einer Wiedergabe des Videos wird bei jedem Aufruf dieser Website eine Verbindung zum Google-Netzwerk \u201eDouble-Click\u201c aufgenommen, was ohne unseren Einfluss weitere Datenverarbeitungsvorg\u00e4nge ausl\u00f6sen kann. Inwieweit der Anbieter im \u00dcbrigen Ihre personenbezogenen Daten verarbeitet, k\u00f6nnen Sie den Informationen zur Datennutzung durch Google sowie zu Einstellungs- und Widerspruchsm\u00f6glichkeiten in der Datenschutzerkl\u00e4rung von Google <a href=\"https:\/\/policies.google.com\/technologies\/ads\">https:\/\/policies.google.com\/technologies\/ads<\/a>\u00a0 und in den Einstellungen f\u00fcr die Darstellung von Werbeeinblendungen durch Google <a href=\"https:\/\/adssettings.google.com\/authenticated\">https:\/\/adssettings.google.com\/authenticated<\/a>\u00a0 entnehmen.\u00a0 Weitere Informationen zum Umgang mit Nutzerdaten finden Sie in der Datenschutzerkl\u00e4rung von YouTube unter: <a href=\"https:\/\/www.google.de\/intl\/de\/policies\/privacy\">https:\/\/www.google.de\/intl\/de\/policies\/privacy<\/a>.\u00a0 Weiterhin haben Sie die M\u00f6glichkeit, \u00fcber das Google-Datenschutzformular weitere f\u00fcr Sie hilfreiche Informationen anzufordern: <a href=\"https:\/\/support.google.com\/policies\/troubleshooter\/7575787?visit_id=637054532384299914-2421490167&amp;hl=de&amp;rd=2\">https:\/\/support.google.com\/policies\/troubleshooter\/7575787?visit_id=637054532384299914-2421490167&amp;hl=de&amp;rd=2<\/a><\/p>\n<p><strong>Zweck der Datenverarbeitung<\/strong><\/p>\n<p>Die Nutzung von YouTube erfolgt im Interesse einer ansprechenden Darstellung unserer Online-Pr\u00e4senz und \u00d6ffentlichkeitsarbeit.<\/p>\n<p><strong>Rechtsgrundlage f\u00fcr die Verarbeitung personenbezogener Daten<\/strong><\/p>\n<p>Dies stellt ein berechtigtes Interesse im Sinne von Art. 6 Abs. 1 lit. f DS-GVO dar. Sofern eine entsprechende Einwilligung abgefragt wurde, erfolgt die Verarbeitung ausschlie\u00dflich auf Grundlage von Art. 6 Abs. 1 lit. a DSGVO. Die Einwilligung ist jederzeit widerrufbar. Die Rechtm\u00e4\u00dfigkeit der bis zum Widerruf erfolgten Datenverarbeitung bleibt vom Widerruf unber\u00fchrt.<\/p>\n<p><strong>Widerspruchs- und Beseitigungsm\u00f6glichkeit<\/strong><\/p>\n<p>Sind Sie gleichzeitig bei YouTube eingeloggt, werden diese Informationen Ihrem Mitgliedskonto bei YouTube zugeordnet. Dies k\u00f6nnen Sie verhindern, indem Sie sich vor dem Besuch unserer Website von Ihrem Mitgliedskonto abmelden. M\u00f6glichkeiten, die Verarbeitung Ihrer Daten zu beschr\u00e4nken, haben Sie bei den allgemeinen Einstellungen Ihres YouTube-Kontos sowie unter dem Punkt \u201eDatenschutzeinstellungen\u201c. Dar\u00fcber hinaus k\u00f6nnen Sie bei Mobilger\u00e4ten (Smartphones, Tablet-Computer) in den dortigen Einstellm\u00f6glichkeiten den Zugriff von Google auf Kontakt- und Kalenderdaten, Fotos, Standortdaten etc. beschr\u00e4nken. Dies ist jedoch abh\u00e4ngig vom genutzten Betriebssystem. Weitere Informationen zu diesen Punkten sind auf den folgenden YouTube-Supportseiten vorhanden: <a href=\"https:\/\/myaccount.google.com\/intro\/privacycheckup\">https:\/\/myaccount.google.com\/intro\/privacycheckup<\/a> \u00dcber die M\u00f6glichkeit, eigene Daten bei YouTube einsehen zu k\u00f6nnen, k\u00f6nnen Sie sich hier informieren: <a href=\"https:\/\/takeout.google.com\/?utm_source=pp&amp;hl=de\">https:\/\/takeout.google.com\/?utm_source=pp&amp;hl=de<\/a>. Informationen zu den vorhandenen Personalisierungs- und Datenschutzeinstellm\u00f6glichkeiten finden Sie hier: <a href=\"https:\/\/myaccount.google.com\/?hl=de\">https:\/\/myaccount.google.com\/?hl=de<\/a>. Weiterhin haben Sie die M\u00f6glichkeit, eine Kopie Ihrer YouTube-Daten herunterzuladen: <a href=\"https:\/\/takeout.google.com\/?utm_source=pp&amp;hl=de\">https:\/\/takeout.google.com\/?utm_source=pp&amp;hl=de<\/a><\/p>\n<p>Weitere Fragen zur L\u00f6schung von Daten bei Nutzung von Diensten beantwortet Google hier: <a href=\"https:\/\/support.google.com\/accounts\/answer\/465\">https:\/\/support.google.com\/accounts\/answer\/465<\/a>.<\/p>\n<h4><strong>2.6 Google Maps<\/strong><\/h4>\n<p><strong>\u00a0<\/strong>Diese Seite nutzt \u00fcber eine API den Kartendienst Google Maps. Anbieter ist die Google Ireland Limited, Gordon House, Barrow Street, Dublin 4, Irland.<\/p>\n<p><strong>Umfang der Verarbeitung personenbezogener Daten<\/strong><\/p>\n<p>Zur Nutzung der Funktionen von Google Maps ist es notwendig, Ihre IP-Adresse zu speichern, es k\u00f6nnen auch Standortdaten gespeichert werden, wobei Sie dies \u00fcber die Einstellungen an Ihrem Ger\u00e4t beeinflussen k\u00f6nnen und ggf. Ihre Einwilligung verweigern k\u00f6nnen. Diese Informationen werden in der Regel an einen Server von Google in den USA \u00fcbertragen und dort gespeichert. Wir als Anbieter dieser Seite haben keinen Einfluss auf diese Daten\u00fcbertragung.<\/p>\n<p><strong>Zweck der Datenverarbeitung<\/strong><\/p>\n<p>Die Nutzung von Google Maps erfolgt im Interesse einer ansprechenden Darstellung unserer Online-Pr\u00e4senz und einer leichten Auffindbarkeit der von uns auf der Website angegebenen Orte.<\/p>\n<p><strong>Rechtsgrundlage f\u00fcr die Verarbeitung personenbezogener Daten<\/strong><\/p>\n<p>Dies stellt ein berechtigtes Interesse im Sinne von Art. 6 Abs. 1 lit. f DS-GVO dar. Mehr Informationen zum Umgang mit Nutzerdaten finden Sie in der Datenschutzerkl\u00e4rung von Google: <a href=\"https:\/\/www.google.de\/intl\/de\/policies\/privacy\/\">https:\/\/www.google.de\/intl\/de\/policies\/privacy\/<\/a>.<\/p>\n<p><strong>Widerspruchs- und Beseitigungsm\u00f6glichkeit<\/strong><\/p>\n<p>Opt-Out-Plug-In: <a href=\"https:\/\/tools.google.com\/dlpage\/gaoptout?hl=de\">https:\/\/tools.google.com\/dlpage\/gaoptout?hl=de<\/a>. Weitere Fragen zur L\u00f6schung von Daten bei Nutzung von Diensten beantwortet Google hier: <a href=\"https:\/\/support.google.com\/accounts\/answer\/465\">https:\/\/support.google.com\/accounts\/answer\/465<\/a>.<\/p>\n[\/vc_column_text][\/vc_column][\/vc_row]<\/p>\n<\/div>","protected":false},"excerpt":{"rendered":"<p>[vc_row][vc_column][vc_column_text] 1. Allgemeine Hinweise zum Datenschutz Das Center Smart Assembly und seine Mitarbeiter\/innen nehmen den Schutz Ihrer personenbezogenen Daten sehr ernst. Wir behandeln Ihre personenbezogenen Daten vertraulich und halten uns an die gesetzlichen Datenschutzvorschriften sowie diese Datenschutzerkl\u00e4rung.\u00a0 Personenbezogene Daten sind&hellip;<\/p>\n","protected":false},"author":228,"featured_media":0,"parent":0,"menu_order":15,"comment_status":"open","ping_status":"closed","template":"","meta":{"footnotes":""},"class_list":["post-2821","page","type-page","status-publish","hentry","odd"],"acf":[],"_links":{"self":[{"href":"https:\/\/www.csa-campus.com\/de\/wp-json\/wp\/v2\/pages\/2821","targetHints":{"allow":["GET"]}}],"collection":[{"href":"https:\/\/www.csa-campus.com\/de\/wp-json\/wp\/v2\/pages"}],"about":[{"href":"https:\/\/www.csa-campus.com\/de\/wp-json\/wp\/v2\/types\/page"}],"author":[{"embeddable":true,"href":"https:\/\/www.csa-campus.com\/de\/wp-json\/wp\/v2\/users\/228"}],"replies":[{"embeddable":true,"href":"https:\/\/www.csa-campus.com\/de\/wp-json\/wp\/v2\/comments?post=2821"}],"version-history":[{"count":6,"href":"https:\/\/www.csa-campus.com\/de\/wp-json\/wp\/v2\/pages\/2821\/revisions"}],"predecessor-version":[{"id":3039,"href":"https:\/\/www.csa-campus.com\/de\/wp-json\/wp\/v2\/pages\/2821\/revisions\/3039"}],"wp:attachment":[{"href":"https:\/\/www.csa-campus.com\/de\/wp-json\/wp\/v2\/media?parent=2821"}],"curies":[{"name":"wp","href":"https:\/\/api.w.org\/{rel}","templated":true}]}}